{"id":998,"date":"2020-07-28T12:08:12","date_gmt":"2020-07-28T10:08:12","guid":{"rendered":"https:\/\/ninemonthscalendar.com\/?page_id=998"},"modified":"2021-01-12T17:49:24","modified_gmt":"2021-01-12T16:49:24","slug":"counting","status":"publish","type":"page","link":"https:\/\/ninemonthscalendar.com\/nl\/counting\/","title":{"rendered":"Tellen"},"content":{"rendered":"<div data-elementor-type=\"wp-page\" data-elementor-id=\"998\" class=\"elementor elementor-998\" data-elementor-post-type=\"page\">\n\t\t\t\t\t\t<section class=\"elementor-section elementor-top-section elementor-element elementor-element-41e2e6c1 elementor-section-height-min-height elementor-section-boxed elementor-section-height-default elementor-section-items-middle\" data-id=\"41e2e6c1\" data-element_type=\"section\" data-settings=\"{&quot;background_background&quot;:&quot;classic&quot;}\">\n\t\t\t\t\t\t<div class=\"elementor-container elementor-column-gap-default\">\n\t\t\t\t\t<div class=\"elementor-column elementor-col-100 elementor-top-column elementor-element elementor-element-7e940eca\" data-id=\"7e940eca\" data-element_type=\"column\">\n\t\t\t<div class=\"elementor-widget-wrap elementor-element-populated\">\n\t\t\t\t\t\t<div class=\"elementor-element elementor-element-ce0832d elementor-widget elementor-widget-heading\" data-id=\"ce0832d\" data-element_type=\"widget\" data-widget_type=\"heading.default\">\n\t\t\t\t<div class=\"elementor-widget-container\">\n\t\t\t\t\t<h2 class=\"elementor-heading-title elementor-size-default\">Hoe worden de weken geteld?<\/h2>\t\t\t\t<\/div>\n\t\t\t\t<\/div>\n\t\t\t\t\t<\/div>\n\t\t<\/div>\n\t\t\t\t\t<\/div>\n\t\t<\/section>\n\t\t\t\t<section class=\"elementor-section elementor-top-section elementor-element elementor-element-fd6d38c elementor-section-boxed elementor-section-height-default elementor-section-height-default\" data-id=\"fd6d38c\" data-element_type=\"section\">\n\t\t\t\t\t\t<div class=\"elementor-container elementor-column-gap-default\">\n\t\t\t\t\t<div class=\"elementor-column elementor-col-33 elementor-top-column elementor-element elementor-element-03b313f\" data-id=\"03b313f\" data-element_type=\"column\">\n\t\t\t<div class=\"elementor-widget-wrap\">\n\t\t\t\t\t\t\t<\/div>\n\t\t<\/div>\n\t\t\t\t<div class=\"elementor-column elementor-col-33 elementor-top-column elementor-element elementor-element-0ed92d6\" data-id=\"0ed92d6\" data-element_type=\"column\">\n\t\t\t<div class=\"elementor-widget-wrap elementor-element-populated\">\n\t\t\t\t\t\t<div class=\"elementor-element elementor-element-602a584 elementor-widget elementor-widget-text-editor\" data-id=\"602a584\" data-element_type=\"widget\" data-widget_type=\"text-editor.default\">\n\t\t\t\t<div class=\"elementor-widget-container\">\n\t\t\t\t\t\t\t\t\t<p><strong>De Negenmaandenkalender toont de werkelijke grootte van de foetus tijdens de zwangerschap, week na week. Maar hoe worden de weken geteld, vanaf het begin van de menstruatiecyclus of totdat de bevruchting heeft plaatsgevonden?<\/strong><\/p><p>Het is goed om het een en ander te weten over het vrouwelijk lichaam en haar cycli voordat we deze vraag beantwoorden.<\/p><p>De eerste dag van de menstruatiecyclus begint op de eerste dag dat een vrouw ongesteld wordt. De menstruatie duurt meestal 3 tot 7 dagen. De menstruatiecyclus kan in lengte vari\u00ebren, maar ligt meestal tussen 23 en 35 dagen.<\/p><p>Halverwege deze cyclus vindt de eisprong plaats; de rijping van de eicel en het springen van de eicel. Wanneer de bevruchting plaatsvindt, hechten de 23 chromosomen van de moeder en de 23 chromosomen van de vader zich aan elkaar. Op dat moment cre\u00ebren zij de eerste editie van het embryo. Het embryo zou nu \u00e9\u00e9n dag oud zijn, terwijl de zwangerschap al twee weken duurt.<\/p><p>Vanaf deze dag, begint de celdeling. Elke dag maakt elk gen een kopie van zichzelf. Zo begint het embryo te groeien.<\/p>\t\t\t\t\t\t\t\t<\/div>\n\t\t\t\t<\/div>\n\t\t\t\t<div class=\"elementor-element elementor-element-20ba1f3 elementor-widget elementor-widget-image\" data-id=\"20ba1f3\" data-element_type=\"widget\" data-widget_type=\"image.default\">\n\t\t\t\t<div class=\"elementor-widget-container\">\n\t\t\t\t\t\t\t\t\t\t\t\t\t\t\t<img fetchpriority=\"high\" decoding=\"async\" width=\"1024\" height=\"1024\" src=\"https:\/\/ninemonthscalendar.com\/wp-content\/uploads\/2021\/01\/ninemonthscalender-254-1024x1024.jpg\" class=\"attachment-large size-large wp-image-1557\" alt=\"Pregnant woman in front of the Nine Months Calendar\" srcset=\"https:\/\/ninemonthscalendar.com\/wp-content\/uploads\/2021\/01\/ninemonthscalender-254-1024x1024.jpg 1024w, https:\/\/ninemonthscalendar.com\/wp-content\/uploads\/2021\/01\/ninemonthscalender-254-300x300.jpg 300w, https:\/\/ninemonthscalendar.com\/wp-content\/uploads\/2021\/01\/ninemonthscalender-254-150x150.jpg 150w, https:\/\/ninemonthscalendar.com\/wp-content\/uploads\/2021\/01\/ninemonthscalender-254-768x768.jpg 768w, https:\/\/ninemonthscalendar.com\/wp-content\/uploads\/2021\/01\/ninemonthscalender-254-1536x1536.jpg 1536w, https:\/\/ninemonthscalendar.com\/wp-content\/uploads\/2021\/01\/ninemonthscalender-254-2048x2048.jpg 2048w, https:\/\/ninemonthscalendar.com\/wp-content\/uploads\/2021\/01\/ninemonthscalender-254-360x360.jpg 360w, https:\/\/ninemonthscalendar.com\/wp-content\/uploads\/2021\/01\/ninemonthscalender-254-480x480.jpg 480w, https:\/\/ninemonthscalendar.com\/wp-content\/uploads\/2021\/01\/ninemonthscalender-254-720x720.jpg 720w, https:\/\/ninemonthscalendar.com\/wp-content\/uploads\/2021\/01\/ninemonthscalender-254-1080x1080.jpg 1080w, https:\/\/ninemonthscalendar.com\/wp-content\/uploads\/2021\/01\/ninemonthscalender-254-600x600.jpg 600w, https:\/\/ninemonthscalendar.com\/wp-content\/uploads\/2021\/01\/ninemonthscalender-254-100x100.jpg 100w\" sizes=\"(max-width: 1024px) 100vw, 1024px\" \/>\t\t\t\t\t\t\t\t\t\t\t\t\t\t\t<\/div>\n\t\t\t\t<\/div>\n\t\t\t\t<div class=\"elementor-element elementor-element-c3377d4 elementor-widget elementor-widget-text-editor\" data-id=\"c3377d4\" data-element_type=\"widget\" data-widget_type=\"text-editor.default\">\n\t\t\t\t<div class=\"elementor-widget-container\">\n\t\t\t\t\t\t\t\t\t<p>Na een paar weken beginnen de hersenen, het hart en het centrale zenuwstelsel zich te vormen. Ook het lichaam van de moeder begint zich aan te passen aan het nieuwe leven in de baarmoeder. Ondertussen weet de aanstaande moeder meestal wel dat ze zwanger is. Al dan niet door de hormonale veranderingen (zoals misselijkheid), of door het uitblijven van de menstruatie.<\/p><p>Deze mooie veranderingen zullen nog een tijdje doorgaan. De ogen, neus, organen, zenuwen en miljoenen andere cellen zullen worden gevormd. Dit proces gaat door tot de baby geboren wordt, 40 weken na de eerste dag van de laatste menstruatiecyclus. Op dat moment is de baby in feite pas 38 weken oud.<\/p><p>Deze kalender toont de groei van een gemiddeld Nederlands kind. Hoewel elk kind een andere groeicurve zal hebben, laat deze kalender een gemiddelde zien. Jongen of meisje? Dat maakt niet uit. De illustraties geven het geslacht niet aan.<\/p>\t\t\t\t\t\t\t\t<\/div>\n\t\t\t\t<\/div>\n\t\t\t\t\t<\/div>\n\t\t<\/div>\n\t\t\t\t<div class=\"elementor-column elementor-col-33 elementor-top-column elementor-element elementor-element-6939654\" data-id=\"6939654\" data-element_type=\"column\">\n\t\t\t<div class=\"elementor-widget-wrap\">\n\t\t\t\t\t\t\t<\/div>\n\t\t<\/div>\n\t\t\t\t\t<\/div>\n\t\t<\/section>\n\t\t\t\t<section class=\"elementor-section elementor-top-section elementor-element elementor-element-343d942a elementor-section-stretched elementor-section-full_width elementor-section-height-default elementor-section-height-default\" data-id=\"343d942a\" data-element_type=\"section\" data-settings=\"{&quot;background_background&quot;:&quot;classic&quot;,&quot;stretch_section&quot;:&quot;section-stretched&quot;}\">\n\t\t\t\t\t\t<div class=\"elementor-container elementor-column-gap-default\">\n\t\t\t\t\t<div class=\"elementor-column elementor-col-100 elementor-top-column elementor-element elementor-element-451cc2d0\" data-id=\"451cc2d0\" data-element_type=\"column\" data-settings=\"{&quot;background_background&quot;:&quot;classic&quot;}\">\n\t\t\t<div class=\"elementor-widget-wrap elementor-element-populated\">\n\t\t\t\t\t\t<section class=\"elementor-section elementor-inner-section elementor-element elementor-element-6a2fdb72 elementor-section-boxed elementor-section-height-default elementor-section-height-default\" data-id=\"6a2fdb72\" data-element_type=\"section\">\n\t\t\t\t\t\t<div class=\"elementor-container elementor-column-gap-default\">\n\t\t\t\t\t<div class=\"elementor-column elementor-col-50 elementor-inner-column elementor-element elementor-element-4d820dba\" data-id=\"4d820dba\" data-element_type=\"column\">\n\t\t\t<div class=\"elementor-widget-wrap elementor-element-populated\">\n\t\t\t\t\t\t<div class=\"elementor-element elementor-element-57ecb1e5 elementor-widget elementor-widget-image\" data-id=\"57ecb1e5\" data-element_type=\"widget\" data-widget_type=\"image.default\">\n\t\t\t\t<div class=\"elementor-widget-container\">\n\t\t\t\t\t\t\t\t\t\t\t\t\t\t\t<img decoding=\"async\" width=\"360\" height=\"360\" src=\"https:\/\/ninemonthscalendar.com\/wp-content\/uploads\/2019\/08\/Ninemonthscalendar_03-360x360.png\" class=\"attachment-square-ld size-square-ld wp-image-1440\" alt=\"week 21 Nine Months Calendar\" srcset=\"https:\/\/ninemonthscalendar.com\/wp-content\/uploads\/2019\/08\/Ninemonthscalendar_03-360x360.png 360w, https:\/\/ninemonthscalendar.com\/wp-content\/uploads\/2019\/08\/Ninemonthscalendar_03-300x300.png 300w, https:\/\/ninemonthscalendar.com\/wp-content\/uploads\/2019\/08\/Ninemonthscalendar_03-1024x1024.png 1024w, https:\/\/ninemonthscalendar.com\/wp-content\/uploads\/2019\/08\/Ninemonthscalendar_03-150x150.png 150w, https:\/\/ninemonthscalendar.com\/wp-content\/uploads\/2019\/08\/Ninemonthscalendar_03-768x768.png 768w, https:\/\/ninemonthscalendar.com\/wp-content\/uploads\/2019\/08\/Ninemonthscalendar_03-1536x1536.png 1536w, https:\/\/ninemonthscalendar.com\/wp-content\/uploads\/2019\/08\/Ninemonthscalendar_03-2048x2048.png 2048w, https:\/\/ninemonthscalendar.com\/wp-content\/uploads\/2019\/08\/Ninemonthscalendar_03-480x480.png 480w, https:\/\/ninemonthscalendar.com\/wp-content\/uploads\/2019\/08\/Ninemonthscalendar_03-720x720.png 720w, https:\/\/ninemonthscalendar.com\/wp-content\/uploads\/2019\/08\/Ninemonthscalendar_03-1080x1080.png 1080w, https:\/\/ninemonthscalendar.com\/wp-content\/uploads\/2019\/08\/Ninemonthscalendar_03-600x600.png 600w, https:\/\/ninemonthscalendar.com\/wp-content\/uploads\/2019\/08\/Ninemonthscalendar_03-100x100.png 100w\" sizes=\"(max-width: 360px) 100vw, 360px\" \/>\t\t\t\t\t\t\t\t\t\t\t\t\t\t\t<\/div>\n\t\t\t\t<\/div>\n\t\t\t\t\t<\/div>\n\t\t<\/div>\n\t\t\t\t<div class=\"elementor-column elementor-col-50 elementor-inner-column elementor-element elementor-element-51d41232\" data-id=\"51d41232\" data-element_type=\"column\">\n\t\t\t<div class=\"elementor-widget-wrap elementor-element-populated\">\n\t\t\t\t\t\t<div class=\"elementor-element elementor-element-246ea9f3 elementor-widget elementor-widget-heading\" data-id=\"246ea9f3\" data-element_type=\"widget\" data-widget_type=\"heading.default\">\n\t\t\t\t<div class=\"elementor-widget-container\">\n\t\t\t\t\t<h3 class=\"elementor-heading-title elementor-size-default\">The Calendar<\/h3>\t\t\t\t<\/div>\n\t\t\t\t<\/div>\n\t\t\t\t<div class=\"elementor-element elementor-element-2d15de35 elementor-widget elementor-widget-text-editor\" data-id=\"2d15de35\" data-element_type=\"widget\" data-widget_type=\"text-editor.default\">\n\t\t\t\t<div class=\"elementor-widget-container\">\n\t\t\t\t\t\t\t\t\t<p>Een zwangerschapskalender op ware grootte, niet langer gepuzzeld met avocado's, bloemkolen en andere groenten. De Nine Months Calendar toont elke week de grootte van de baby in de buik.<\/p>\t\t\t\t\t\t\t\t<\/div>\n\t\t\t\t<\/div>\n\t\t\t\t<div class=\"elementor-element elementor-element-6b46a28a elementor-widget elementor-widget-heading\" data-id=\"6b46a28a\" data-element_type=\"widget\" data-widget_type=\"heading.default\">\n\t\t\t\t<div class=\"elementor-widget-container\">\n\t\t\t\t\t<h6 class=\"elementor-heading-title elementor-size-default\">Details \u203a<\/h6>\t\t\t\t<\/div>\n\t\t\t\t<\/div>\n\t\t\t\t<div class=\"elementor-element elementor-element-2152cac2 elementor-add-to-cart--align-right elementor-add-to-cart-mobile--align-justify elementor-widget elementor-widget-wc-add-to-cart\" data-id=\"2152cac2\" data-element_type=\"widget\" data-widget_type=\"wc-add-to-cart.default\">\n\t\t\t\t<div class=\"elementor-widget-container\">\n\t\t\t\t\t\t\t\t\t<div class=\"elementor-button-wrapper\">\n\t\t\t\t\t<a rel=\"nofollow\" href=\"\/nl\/counting\/?add-to-cart=14\" data-quantity=\"1\" data-product_id=\"14\" class=\"product_type_simple add_to_cart_button ajax_add_to_cart elementor-button elementor-size-md\" role=\"button\">\n\t\t\t\t\t\t<span class=\"elementor-button-content-wrapper\">\n\t\t\t\t\t\t<span class=\"elementor-button-icon\">\n\t\t\t\t<i aria-hidden=\"true\" class=\"fas fa-plus-circle\"><\/i>\t\t\t<\/span>\n\t\t\t\t\t\t\t\t\t<span class=\"elementor-button-text\">In mijn winkelmandje<\/span>\n\t\t\t\t\t<\/span>\n\t\t\t\t\t<\/a>\n\t\t\t\t<\/div>\n\t\t\t\t\t\t\t\t<\/div>\n\t\t\t\t<\/div>\n\t\t\t\t\t<\/div>\n\t\t<\/div>\n\t\t\t\t\t<\/div>\n\t\t<\/section>\n\t\t\t\t\t<\/div>\n\t\t<\/div>\n\t\t\t\t\t<\/div>\n\t\t<\/section>\n\t\t\t\t<\/div>","protected":false},"excerpt":{"rendered":"<p>Hoe worden de weken geteld? De Negenmaandenkalender geeft de werkelijke omvang van de foetus tijdens de zwangerschap weer, week voor week. Maar hoe worden de weken geteld, vanaf het begin van de menstruatiecyclus of totdat de bevruchting heeft plaatsgevonden? Het is goed om het een en ander te weten over het vrouwelijk lichaam en haar [...]<\/p>","protected":false},"author":2,"featured_media":0,"parent":0,"menu_order":0,"comment_status":"closed","ping_status":"closed","template":"elementor_header_footer","meta":{"footnotes":""},"class_list":["post-998","page","type-page","status-publish","hentry"],"_links":{"self":[{"href":"https:\/\/ninemonthscalendar.com\/nl\/wp-json\/wp\/v2\/pages\/998","targetHints":{"allow":["GET"]}}],"collection":[{"href":"https:\/\/ninemonthscalendar.com\/nl\/wp-json\/wp\/v2\/pages"}],"about":[{"href":"https:\/\/ninemonthscalendar.com\/nl\/wp-json\/wp\/v2\/types\/page"}],"author":[{"embeddable":true,"href":"https:\/\/ninemonthscalendar.com\/nl\/wp-json\/wp\/v2\/users\/2"}],"replies":[{"embeddable":true,"href":"https:\/\/ninemonthscalendar.com\/nl\/wp-json\/wp\/v2\/comments?post=998"}],"version-history":[{"count":0,"href":"https:\/\/ninemonthscalendar.com\/nl\/wp-json\/wp\/v2\/pages\/998\/revisions"}],"wp:attachment":[{"href":"https:\/\/ninemonthscalendar.com\/nl\/wp-json\/wp\/v2\/media?parent=998"}],"curies":[{"name":"wp","href":"https:\/\/api.w.org\/{rel}","templated":true}]}}